{"id":819,"date":"2026-04-27T13:23:22","date_gmt":"2026-04-27T11:23:22","guid":{"rendered":"https:\/\/culturalworkersstudio.com\/?page_id=819"},"modified":"2026-04-27T13:23:22","modified_gmt":"2026-04-27T11:23:22","slug":"impressum","status":"publish","type":"page","link":"https:\/\/culturalworkersstudio.com\/uk\/impressum\/","title":{"rendered":"\u0412\u0438\u0445\u0456\u0434\u043d\u0456 \u0434\u0430\u043d\u0456"},"content":{"rendered":"<div class=\"wp-block-media-text is-stacked-on-mobile has-base-background-color has-background\"><figure class=\"wp-block-media-text__media\"><img data-recalc-dims=\"1\" loading=\"lazy\" decoding=\"async\" width=\"568\" height=\"892\" data-attachment-id=\"661\" data-permalink=\"https:\/\/culturalworkersstudio.com\/uk\/screenshot-2024-09-06-135945\/\" data-orig-file=\"https:\/\/i0.wp.com\/culturalworkersstudio.com\/wp-content\/uploads\/2026\/04\/screenshot-2024-09-06-135945.jpg?fit=568%2C892&amp;ssl=1\" data-orig-size=\"568,892\" data-comments-opened=\"1\" data-image-meta=\"{&quot;aperture&quot;:&quot;0&quot;,&quot;credit&quot;:&quot;&quot;,&quot;camera&quot;:&quot;&quot;,&quot;caption&quot;:&quot;&quot;,&quot;created_timestamp&quot;:&quot;0&quot;,&quot;copyright&quot;:&quot;&quot;,&quot;focal_length&quot;:&quot;0&quot;,&quot;iso&quot;:&quot;0&quot;,&quot;shutter_speed&quot;:&quot;0&quot;,&quot;title&quot;:&quot;&quot;,&quot;orientation&quot;:&quot;0&quot;,&quot;alt&quot;:&quot;&quot;}\" data-image-title=\"Screenshot 2024-09-06 135945\" data-image-description=\"\" data-image-caption=\"\" data-large-file=\"https:\/\/i0.wp.com\/culturalworkersstudio.com\/wp-content\/uploads\/2026\/04\/screenshot-2024-09-06-135945.jpg?fit=568%2C892&amp;ssl=1\" src=\"https:\/\/i0.wp.com\/culturalworkersstudio.com\/wp-content\/uploads\/2026\/04\/screenshot-2024-09-06-135945.jpg?resize=568%2C892&#038;ssl=1\" alt=\"\" class=\"wp-image-661 size-full\"\/><\/figure><div class=\"wp-block-media-text__content\">\n<p class=\"wp-block-paragraph\"><strong>\u0421\u0442\u0443\u0434\u0456\u044f \u043f\u0440\u0430\u0446\u0456\u0432\u043d\u0438\u043a\u0456\u0432 \u043a\u0443\u043b\u044c\u0442\u0443\u0440\u0438<\/strong><\/p>\n\n\n\n<p class=\"wp-block-paragraph\"><strong>Representative founders: <\/strong>Ann Krekhno, Richard Pettifer<\/p>\n\n\n\n<p class=\"wp-block-paragraph\">Am Flutgraben 3,<\/p>\n\n\n\n<p class=\"wp-block-paragraph\">12435 \u0411\u0435\u0440\u043b\u0456\u043d<\/p>\n\n\n\n<p class=\"wp-block-paragraph\">Germany<\/p>\n\n\n\n<p class=\"wp-block-paragraph\"><strong>Contact Details:<\/strong><\/p>\n\n\n\n<ul class=\"wp-block-list\">\n<li class=\"has-base-background-color has-background\"><strong>Email address<\/strong> Ukrainiancultureinberlin@gmail.com<\/li>\n\n\n\n<li><strong>Telephone number<\/strong> +491773733113<\/li>\n<\/ul>\n\n\n\n<p class=\"wp-block-paragraph\"><strong>Editorial Responsibility (\u00a7 18 MStV):<\/strong><\/p>\n\n\n\n<p class=\"wp-block-paragraph\"> Richard Pettifer<\/p>\n\n\n\n<p class=\"wp-block-paragraph\">Elsa-Br\u00e4ndstr\u00f6m-Stra\u00dfe 45<\/p>\n\n\n\n<p class=\"wp-block-paragraph\">13189 Berlin<\/p>\n\n\n\n<p class=\"wp-block-paragraph\"><\/p>\n<\/div><\/div>\n\n\n\n<p class=\"wp-block-paragraph\"><\/p>","protected":false},"excerpt":{"rendered":"","protected":false},"author":259716725,"featured_media":0,"parent":0,"menu_order":0,"comment_status":"closed","ping_status":"closed","template":"","meta":{"_crdt_document":"","advanced_seo_description":"","jetpack_seo_html_title":"","jetpack_seo_noindex":false,"footnotes":""},"class_list":["post-819","page","type-page","status-publish","hentry"],"jetpack_likes_enabled":true,"jetpack_sharing_enabled":true,"jetpack_shortlink":"https:\/\/wp.me\/PgeYCI-dd","jetpack-related-posts":[],"_links":{"self":[{"href":"https:\/\/culturalworkersstudio.com\/uk\/wp-json\/wp\/v2\/pages\/819","targetHints":{"allow":["GET"]}}],"collection":[{"href":"https:\/\/culturalworkersstudio.com\/uk\/wp-json\/wp\/v2\/pages"}],"about":[{"href":"https:\/\/culturalworkersstudio.com\/uk\/wp-json\/wp\/v2\/types\/page"}],"author":[{"embeddable":true,"href":"https:\/\/culturalworkersstudio.com\/uk\/wp-json\/wp\/v2\/users\/259716725"}],"replies":[{"embeddable":true,"href":"https:\/\/culturalworkersstudio.com\/uk\/wp-json\/wp\/v2\/comments?post=819"}],"version-history":[{"count":1,"href":"https:\/\/culturalworkersstudio.com\/uk\/wp-json\/wp\/v2\/pages\/819\/revisions"}],"predecessor-version":[{"id":820,"href":"https:\/\/culturalworkersstudio.com\/uk\/wp-json\/wp\/v2\/pages\/819\/revisions\/820"}],"wp:attachment":[{"href":"https:\/\/culturalworkersstudio.com\/uk\/wp-json\/wp\/v2\/media?parent=819"}],"curies":[{"name":"wp","href":"https:\/\/api.w.org\/{rel}","templated":true}]}}